{"id":2676,"date":"2024-10-18T13:01:31","date_gmt":"2024-10-18T13:01:31","guid":{"rendered":"https:\/\/demo.tenzer.nl\/?page_id=2676"},"modified":"2025-03-25T08:59:14","modified_gmt":"2025-03-25T08:59:14","slug":"mieten","status":"publish","type":"page","link":"https:\/\/demo.tenzer.nl\/de\/mieten\/","title":{"rendered":"Verhuur"},"content":{"rendered":"<style type=\"text\/css\">\n    .header-heights {\n        height: 65vh;\n    }\n    .header-heights.home {\n        height: 65vh;\n    }\n    @media (max-width: 767px) {\n        .header-heights {\n            height: 50vh;\n        }\n        .header-heights.home {\n            height: 50vh;\n        }\n    }\n<\/style><section class=\"header-img\">\n        <div class=\"img-inner header-heights\" style=\"background-image: url(https:\/\/demo.tenzer.nl\/wp-content\/uploads\/2024\/10\/Vakantiepark_TenZer26-1600x1066.webp);\"><div class=\"container zb-container\"><div class=\"harbor-main-widget\">\r\n<div is=\"search\" :category-id=\"23\" :config=\"{ top: false,isDateRangePicker: true  }\" :expandable=\"true\" :pre-fill=\"true\" url=\"\/de\/suchergebnisse\">&nbsp;<\/div>\r\n<\/div><\/div><\/div><\/section>\n\n\n<h1 class=\"wp-block-heading\">Luxus und Komfort in unseren einzigartigen Mietunterk\u00fcnften<\/h1>\n\n\n\n<p>M\u00f6chten Sie einen unbeschwerten Urlaub in der Veluwe genie\u00dfen? Unsere Mietunterk\u00fcnfte bieten den perfekten Aufenthalt f\u00fcr alle, die Luxus, Komfort und Natur lieben. Egal ob Sie sich f\u00fcr ein stilvolles Ferienhaus, ein gem\u00fctliches Baumhaus oder ein einzigartiges Naturhaus entscheiden, im Ferienpark TenZer finden Sie immer eine Unterkunft, die Ihren Bed\u00fcrfnissen entspricht. Alle Unterk\u00fcnfte sind komplett ausgestattet, sodass Sie Ihren wohlverdienten Urlaub nur noch genie\u00dfen m\u00fcssen. Sehen Sie sich unser Angebot an und finden Sie Ihren idealen Aufenthalt!<\/p>\n\n\n<div class=\"harbor-main-widget\">\r\n<div is=\"overview\" :light=\"true\" :category-id=\"23\" :expandable=\"true\" :alternatives=\"true\" theme=\"card\" :config=\"{ top: false,isDateRangePicker: true  }\" :offset=\"-50\" :is-enable-filter=\"true\" :allow-multiple-filter-collapse=\"true\" :sticky-class-on-filter=\"true\" :sticky-class-on-search=\"true\">&nbsp;<\/div>\r\n<\/div>\n\n<style type=\"text\/css\">\n    .omgeving-height {\n        height: 70vh;\n    }\n    @media (max-width: 767px) {\n        .omgeving-height {\n            height: 50vh;\n        }\n    }\n<\/style><section class=\"omgeving omgeving-full-width\">\n        <div class=\"omgeving-inner omgeving-height\" style=\"background-image: url(https:\/\/demo.tenzer.nl\/wp-content\/uploads\/2024\/10\/Vakantiepark_TenZer37-1600x1066.webp);\"><div class=\"omgeving-text\">\n                <div class=\"text\"><h3>Ferienpark TenZer<\/h3>\n<ul>\n<li>Lage in der N\u00e4he des Veluwemeer, der Heide und des Waldes<\/li>\n<li>Natur erleben, entspannen, vollkommen entspannen<\/li>\n<li>Urlaub ist ein Gef\u00fchl des Zusammenseins, des gemeinsamen Erlebens, des gemeinsamen Genie\u00dfens<\/li>\n<li>Die Unterk\u00fcnfte sind luxuri\u00f6s, f\u00fcr alles ist gesorgt<\/li>\n<\/ul>\n<\/div><\/div><\/div><\/section>","protected":false},"excerpt":{"rendered":"<p>Luxus und Komfort in unseren einzigartigen Mietunterk\u00fcnften M\u00f6chten Sie einen unbeschwerten Urlaub in der Veluwe genie\u00dfen? Unsere Mietunterk\u00fcnfte bieten den perfekten Aufenthalt f\u00fcr alle, die Luxus, Komfort und Natur lieben. Egal ob Sie sich f\u00fcr ein stilvolles Ferienhaus, ein gem\u00fctliches Baumhaus oder ein einzigartiges Naturhaus entscheiden, im Ferienpark TenZer finden Sie immer eine Unterkunft, die [&hellip;]<\/p>\n","protected":false},"author":1,"featured_media":0,"parent":0,"menu_order":0,"comment_status":"closed","ping_status":"closed","template":"","meta":{"_acf_changed":false,"_tz_page_kind":"default","footnotes":""},"class_list":["post-2676","page","type-page","status-publish","hentry"],"acf":[],"_links":{"self":[{"href":"https:\/\/demo.tenzer.nl\/de\/wp-json\/wp\/v2\/pages\/2676","targetHints":{"allow":["GET"]}}],"collection":[{"href":"https:\/\/demo.tenzer.nl\/de\/wp-json\/wp\/v2\/pages"}],"about":[{"href":"https:\/\/demo.tenzer.nl\/de\/wp-json\/wp\/v2\/types\/page"}],"author":[{"embeddable":true,"href":"https:\/\/demo.tenzer.nl\/de\/wp-json\/wp\/v2\/users\/1"}],"replies":[{"embeddable":true,"href":"https:\/\/demo.tenzer.nl\/de\/wp-json\/wp\/v2\/comments?post=2676"}],"version-history":[{"count":2,"href":"https:\/\/demo.tenzer.nl\/de\/wp-json\/wp\/v2\/pages\/2676\/revisions"}],"predecessor-version":[{"id":2703,"href":"https:\/\/demo.tenzer.nl\/de\/wp-json\/wp\/v2\/pages\/2676\/revisions\/2703"}],"wp:attachment":[{"href":"https:\/\/demo.tenzer.nl\/de\/wp-json\/wp\/v2\/media?parent=2676"}],"curies":[{"name":"wp","href":"https:\/\/api.w.org\/{rel}","templated":true}]}}