{"id":2677,"date":"2024-11-07T12:44:15","date_gmt":"2024-11-07T12:44:15","guid":{"rendered":"https:\/\/demo.tenzer.nl\/?page_id=2677"},"modified":"2025-03-25T07:59:20","modified_gmt":"2025-03-25T07:59:20","slug":"buchen-sie-ihren-urlaub","status":"publish","type":"page","link":"https:\/\/demo.tenzer.nl\/de\/buchen-sie-ihren-urlaub\/","title":{"rendered":"Buchen Sie Ihren Urlaub"},"content":{"rendered":"\n<h1 class=\"wp-block-heading\">Ihr Urlaub ist fast gebucht<\/h1>\n\n\n\n<p>Jetzt m\u00fcssen Sie nur noch Ihre Daten eingeben, alles noch einmal \u00fcberpr\u00fcfen und auf \u201eReservierung best\u00e4tigen\u201c klicken. Nach dem Absenden Ihrer Reservierung erhalten Sie von uns eine Best\u00e4tigung per E-Mail.<\/p>\n\n\n\n<p>M\u00f6chten Sie etwas zus\u00e4tzlich buchen oder Ihren Hund mitbringen? Buchen Sie dies direkt.<\/p>\n\n\n<div class=\"harbor-main-widget\">\r\n<div is=\"booking-v3\" :scroll-offset=\"150\" confirm-location=\"\/reservering-verzonden\" :animate-articles=\"true\" help-phone=\"0341 751 752\" :languages=\"{nl:'Nederlands',de:'Duits',en:'Engels',fr:'Frans'}\" :location-icon-size=\"[40, 40]\" :terms=\"[{ title: 'Algemene Voorwaarden', link: '\/images\/algemene_voorwaarden.pdf' }]\" :analytics=\"true\" :scrolling=\"false\" :max-articles=\"5\" :scroll-variation=\"0\" :show-discount-code=\"true\" :info-on-zoom-mobile=\"true\" :enable-login=\"false\" :show-back-page-btn=\"false\" :global=\"true\" :show-date-select-button=\"false\" :enable-package-selection=\"true\" :is-package-carousel=\"true\" class=\"open-calendar\" :show-info-of-booking-details=\"true\" default-salutation=\"sam\" :additional-fields=\"['licenceNumber']\" :short-personal-data=\"false\" :disable-month-change-on-select=\"true\" :is-disable-bound-box=\"true\">&nbsp;<\/div>\r\n<\/div> ","protected":false},"excerpt":{"rendered":"<p>Ihr Urlaub ist fast gebucht Jetzt m\u00fcssen Sie nur noch Ihre Daten eingeben, alles noch einmal \u00fcberpr\u00fcfen und auf \u201eReservierung best\u00e4tigen\u201c klicken. Nach dem Absenden Ihrer Reservierung erhalten Sie von uns eine Best\u00e4tigung per E-Mail. M\u00f6chten Sie etwas zus\u00e4tzlich buchen oder Ihren Hund mitbringen? Buchen Sie dies direkt.<\/p>\n","protected":false},"author":1,"featured_media":1992,"parent":0,"menu_order":0,"comment_status":"closed","ping_status":"closed","template":"","meta":{"_acf_changed":false,"_tz_page_kind":"default","footnotes":""},"class_list":["post-2677","page","type-page","status-publish","has-post-thumbnail","hentry"],"acf":[],"_links":{"self":[{"href":"https:\/\/demo.tenzer.nl\/de\/wp-json\/wp\/v2\/pages\/2677","targetHints":{"allow":["GET"]}}],"collection":[{"href":"https:\/\/demo.tenzer.nl\/de\/wp-json\/wp\/v2\/pages"}],"about":[{"href":"https:\/\/demo.tenzer.nl\/de\/wp-json\/wp\/v2\/types\/page"}],"author":[{"embeddable":true,"href":"https:\/\/demo.tenzer.nl\/de\/wp-json\/wp\/v2\/users\/1"}],"replies":[{"embeddable":true,"href":"https:\/\/demo.tenzer.nl\/de\/wp-json\/wp\/v2\/comments?post=2677"}],"version-history":[{"count":2,"href":"https:\/\/demo.tenzer.nl\/de\/wp-json\/wp\/v2\/pages\/2677\/revisions"}],"predecessor-version":[{"id":2683,"href":"https:\/\/demo.tenzer.nl\/de\/wp-json\/wp\/v2\/pages\/2677\/revisions\/2683"}],"wp:featuredmedia":[{"embeddable":true,"href":"https:\/\/demo.tenzer.nl\/de\/wp-json\/wp\/v2\/media\/1992"}],"wp:attachment":[{"href":"https:\/\/demo.tenzer.nl\/de\/wp-json\/wp\/v2\/media?parent=2677"}],"curies":[{"name":"wp","href":"https:\/\/api.w.org\/{rel}","templated":true}]}}