{"id":2678,"date":"2024-10-18T12:41:59","date_gmt":"2024-10-18T12:41:59","guid":{"rendered":"https:\/\/demo.tenzer.nl\/?page_id=2678"},"modified":"2025-03-25T08:59:24","modified_gmt":"2025-03-25T08:59:24","slug":"camping","status":"publish","type":"page","link":"https:\/\/demo.tenzer.nl\/de\/camping\/","title":{"rendered":"Camping"},"content":{"rendered":"<style type=\"text\/css\">\n    .header-heights {\n        height: 65vh;\n    }\n    .header-heights.home {\n        height: 65vh;\n    }\n    @media (max-width: 767px) {\n        .header-heights {\n            height: 50vh;\n        }\n        .header-heights.home {\n            height: 50vh;\n        }\n    }\n<\/style><section class=\"header-img\">\n        <div class=\"img-inner header-heights\" style=\"background-image: url(https:\/\/demo.tenzer.nl\/wp-content\/uploads\/2024\/10\/Vakantiepark_TenZer80-1600x1068.webp);\"><div class=\"container zb-container\"><div class=\"harbor-main-widget\">\r\n<div is=\"search\" :category-id=\"24\" :config=\"{ top: false,isDateRangePicker: true  }\" :expandable=\"true\" :pre-fill=\"true\" url=\"\/de\/suchergebnisse\">&nbsp;<\/div>\r\n<\/div><\/div><\/div><\/section>\n\n\n<h1 class=\"wp-block-heading\">Erleben Sie das ultimative Outdoor-Leben im Vakantiepark TenZer<\/h1>\n\n\n\n<p>Suchen Sie nach einem Campingplatz, an dem Sie wirklich entspannen und die Natur genie\u00dfen k\u00f6nnen? Kommen Sie und genie\u00dfen Sie einen Campingurlaub im Ferienpark TenZer. Egal, ob Sie gem\u00fctliches Camping im Wald genie\u00dfen, einen Platz in der N\u00e4he des Wassers suchen oder ein luxuri\u00f6ses Campingerlebnis mit allem Komfort von zu Hause w\u00fcnschen, wir haben f\u00fcr jeden Campingwunsch den passenden Campingplatz. Sehen Sie sich unser Angebot an, w\u00e4hlen Sie Ihren idealen Ort und beginnen Sie Ihr Abenteuer!<\/p>\n\n\n<div class=\"harbor-main-widget\">\r\n<div is=\"overview\" :light=\"true\" :category-id=\"24\" :expandable=\"true\" :alternatives=\"true\" theme=\"card\" :config=\"{ top: false,isDateRangePicker: true  }\" :offset=\"-50\" :is-enable-filter=\"true\" :allow-multiple-filter-collapse=\"true\" :sticky-class-on-filter=\"true\" :sticky-class-on-search=\"true\">&nbsp;<\/div>\r\n<\/div>\n\n<style type=\"text\/css\">\n    .omgeving-height {\n        height: 70vh;\n    }\n    @media (max-width: 767px) {\n        .omgeving-height {\n            height: 50vh;\n        }\n    }\n<\/style><section class=\"omgeving omgeving-full-width\">\n        <div class=\"omgeving-inner omgeving-height\" style=\"background-image: url(https:\/\/demo.tenzer.nl\/wp-content\/uploads\/2024\/10\/Vakantiepark_TenZer37-1600x1066.webp);\"><div class=\"omgeving-text\">\n                <div class=\"text\"><h3>Ferienpark TenZer<\/h3>\n<ul>\n<li>Lage in der N\u00e4he des Veluwemeer, der Heide und des Waldes<\/li>\n<li>Natur erleben, entspannen, vollkommen entspannen<\/li>\n<li>Urlaub ist ein Gef\u00fchl des Zusammenseins, des gemeinsamen Erlebens, des gemeinsamen Genie\u00dfens<\/li>\n<li>Die Unterk\u00fcnfte sind luxuri\u00f6s, f\u00fcr alles ist gesorgt<\/li>\n<\/ul>\n<\/div><\/div><\/div><\/section>","protected":false},"excerpt":{"rendered":"<p>Erleben Sie das ultimative Outdoor-Leben im Vakantiepark TenZer Suchen Sie nach einem Campingplatz, an dem Sie wirklich entspannen und die Natur genie\u00dfen k\u00f6nnen? Kommen Sie und genie\u00dfen Sie einen Campingurlaub im Ferienpark TenZer. Egal, ob Sie gem\u00fctliches Camping im Wald genie\u00dfen, einen Platz in der N\u00e4he des Wassers suchen oder ein luxuri\u00f6ses Campingerlebnis mit allem [&hellip;]<\/p>\n","protected":false},"author":1,"featured_media":0,"parent":0,"menu_order":0,"comment_status":"closed","ping_status":"closed","template":"","meta":{"_acf_changed":false,"_tz_page_kind":"default","footnotes":""},"class_list":["post-2678","page","type-page","status-publish","hentry"],"acf":[],"_links":{"self":[{"href":"https:\/\/demo.tenzer.nl\/de\/wp-json\/wp\/v2\/pages\/2678","targetHints":{"allow":["GET"]}}],"collection":[{"href":"https:\/\/demo.tenzer.nl\/de\/wp-json\/wp\/v2\/pages"}],"about":[{"href":"https:\/\/demo.tenzer.nl\/de\/wp-json\/wp\/v2\/types\/page"}],"author":[{"embeddable":true,"href":"https:\/\/demo.tenzer.nl\/de\/wp-json\/wp\/v2\/users\/1"}],"replies":[{"embeddable":true,"href":"https:\/\/demo.tenzer.nl\/de\/wp-json\/wp\/v2\/comments?post=2678"}],"version-history":[{"count":2,"href":"https:\/\/demo.tenzer.nl\/de\/wp-json\/wp\/v2\/pages\/2678\/revisions"}],"predecessor-version":[{"id":2704,"href":"https:\/\/demo.tenzer.nl\/de\/wp-json\/wp\/v2\/pages\/2678\/revisions\/2704"}],"wp:attachment":[{"href":"https:\/\/demo.tenzer.nl\/de\/wp-json\/wp\/v2\/media?parent=2678"}],"curies":[{"name":"wp","href":"https:\/\/api.w.org\/{rel}","templated":true}]}}