{"id":2680,"date":"2023-10-25T14:44:14","date_gmt":"2023-10-25T14:44:14","guid":{"rendered":"https:\/\/demo.tenzer.nl\/?page_id=2680"},"modified":"2025-03-25T08:02:50","modified_gmt":"2025-03-25T08:02:50","slug":"contact","status":"publish","type":"page","link":"https:\/\/demo.tenzer.nl\/de\/contact\/","title":{"rendered":"Contact"},"content":{"rendered":"<style type=\"text\/css\">\n    .header-heights {\n        height: 65vh;\n    }\n    .header-heights.home {\n        height: 65vh;\n    }\n    @media (max-width: 767px) {\n        .header-heights {\n            height: 50vh;\n        }\n        .header-heights.home {\n            height: 50vh;\n        }\n    }\n<\/style><section class=\"header-img\">\n        <div class=\"img-inner header-heights\" style=\"background-image: url(https:\/\/demo.tenzer.nl\/wp-content\/uploads\/2024\/10\/Vakantiepark_TenZer32-1600x1066.webp);\"><div class=\"container zb-container\"><\/div><\/div><\/section>\n\n\n<h1 class=\"wp-block-heading\">Wir sind f\u00fcr Sie da!<\/h1>\n\n\n\n<p>Diese Website ist eine Demo-Website der Online-Marketing-Agentur TenZer. Sie haben Fragen, m\u00f6chten mehr Informationen zu Website-Entwicklung, Such- und Buchl\u00f6sungen oder AI Smart Assistant? Nehmen Sie gerne Kontakt mit uns auf, wir helfen Ihnen gerne weiter.<\/p>\n\n\n\n<div class=\"wp-block-columns is-layout-flex wp-container-core-columns-is-layout-9d6595d7 wp-block-columns-is-layout-flex\">\n<div class=\"wp-block-column is-layout-flow wp-block-column-is-layout-flow\" style=\"flex-basis:33.33%\"><div class=\"tz-naw\"><h3>TenZer<\/h3>John van Slooten<br>Voorbeeldstraat 12<br>1234 AB Nunspeet<br> <a href=\"tel:0341-123456\">0341-123456<\/a><br> <a href=\"tel:06-1234567\">06-1234567<\/a><br> <a href=\"mailto:info@tenzer.nl\">info@tenzer.nl<\/a><\/div><\/div>\n\n\n\n<div class=\"wp-block-column is-layout-flow wp-block-column-is-layout-flow\" style=\"flex-basis:66.66%\"><div class=\"tz-googlemaps\"><iframe width=\"600\" height=\"450\" frameborder=\"0\" style=\"border:0\" src=\"https:\/\/www.google.com\/maps?q=Voorbeeldstraat+12%2C+1234+AB+Nunspeet%2C+&#038;output=embed\" allowfullscreen loading=\"lazy\" referrerpolicy=\"no-referrer-when-downgrade\"><\/iframe><\/div><\/div>\n<\/div>\n\n\n\n<div class=\"wp-block-columns is-layout-flex wp-container-core-columns-is-layout-9d6595d7 wp-block-columns-is-layout-flex\">\n<div class=\"wp-block-column customholli is-layout-flow wp-block-column-is-layout-flow\"><div style=\"margin-top: -40px; margin-bottom: 0px; background-color: ;\" class=\"tz-omenom-container image-left color-standard\"><div class=\"container\"><div class=\"col6 omenom-image\"><img loading=\"lazy\" decoding=\"async\" width=\"438\" height=\"426\" src=\"https:\/\/demo.tenzer.nl\/wp-content\/uploads\/2024\/10\/holli-png.webp\" class=\"attachment-medium size-medium\" alt=\"\" \/><\/div><div class=\"col4 omenom-content\"><h3>Vraag het onze AI Smart Assistant<\/h3><div class=\"omenom-editor\"><p>Hallo, ik ben Holli je persoonlijke AI Smart Assistent! Heb je vragen over je verblijf of het vakantiepark? Ik sta 24\/7 voor je klaar om je te helpen. Of je nu iets wilt weten over onze faciliteiten, het maken van een reservering of eropuit tips wil hebben, stuur me gerust een berichtje. Ik ben er om je verblijf zo zorgeloos mogelijk te maken!<\/p>\n<\/div><a target=\"_blank\" href=\"https:\/\/holli.nl\/functies\/\" class=\"omenom-button btn\" rel=\"noopener\">Bezoek de website<\/a><\/div><\/div><\/div><\/div>\n<\/div>\n","protected":false},"excerpt":{"rendered":"<p>Wir sind f\u00fcr Sie da! Diese Website ist eine Demo-Website der Online-Marketing-Agentur TenZer. Sie haben Fragen, m\u00f6chten mehr Informationen zu Website-Entwicklung, Such- und Buchl\u00f6sungen oder AI Smart Assistant? Nehmen Sie gerne Kontakt mit uns auf, wir helfen Ihnen gerne weiter.<\/p>\n","protected":false},"author":1,"featured_media":0,"parent":0,"menu_order":0,"comment_status":"closed","ping_status":"closed","template":"","meta":{"_acf_changed":false,"_tz_page_kind":"default","footnotes":""},"class_list":["post-2680","page","type-page","status-publish","hentry"],"acf":[],"_links":{"self":[{"href":"https:\/\/demo.tenzer.nl\/de\/wp-json\/wp\/v2\/pages\/2680","targetHints":{"allow":["GET"]}}],"collection":[{"href":"https:\/\/demo.tenzer.nl\/de\/wp-json\/wp\/v2\/pages"}],"about":[{"href":"https:\/\/demo.tenzer.nl\/de\/wp-json\/wp\/v2\/types\/page"}],"author":[{"embeddable":true,"href":"https:\/\/demo.tenzer.nl\/de\/wp-json\/wp\/v2\/users\/1"}],"replies":[{"embeddable":true,"href":"https:\/\/demo.tenzer.nl\/de\/wp-json\/wp\/v2\/comments?post=2680"}],"version-history":[{"count":1,"href":"https:\/\/demo.tenzer.nl\/de\/wp-json\/wp\/v2\/pages\/2680\/revisions"}],"predecessor-version":[{"id":2686,"href":"https:\/\/demo.tenzer.nl\/de\/wp-json\/wp\/v2\/pages\/2680\/revisions\/2686"}],"wp:attachment":[{"href":"https:\/\/demo.tenzer.nl\/de\/wp-json\/wp\/v2\/media?parent=2680"}],"curies":[{"name":"wp","href":"https:\/\/api.w.org\/{rel}","templated":true}]}}